{"id":5859,"date":"2025-11-05T17:19:29","date_gmt":"2025-11-05T17:19:29","guid":{"rendered":"https:\/\/pedrosoeosorio.pt\/?post_type=product&#038;p=5859"},"modified":"2025-11-06T17:39:01","modified_gmt":"2025-11-06T17:39:01","slug":"po1546-taquari","status":"publish","type":"product","link":"https:\/\/pedrosoeosorio.pt\/en\/produto\/po1546-taquari\/","title":{"rendered":"PO1546 TAQUARI"},"content":{"rendered":"","protected":false},"excerpt":{"rendered":"","protected":false},"featured_media":5921,"comment_status":"open","ping_status":"closed","template":"","meta":[],"product_brand":[],"product_cat":[128],"product_tag":[],"class_list":{"0":"post-5859","1":"product","2":"type-product","3":"status-publish","4":"has-post-thumbnail","6":"product_cat-sem-categoria-en","8":"first","9":"instock","10":"shipping-taxable","11":"purchasable","12":"product-type-variable"},"yoast_head":"<!-- This site is optimized with the Yoast SEO plugin v26.3 - https:\/\/yoast.com\/wordpress\/plugins\/seo\/ -->\n<title>PO1546 TAQUARI - Pedroso e Os\u00f3rio<\/title>\n<meta name=\"robots\" content=\"index, follow, max-snippet:-1, max-image-preview:large, max-video-preview:-1\" \/>\n<link rel=\"canonical\" href=\"https:\/\/pedrosoeosorio.pt\/en\/produto\/po1546-taquari\/\" \/>\n<meta property=\"og:locale\" content=\"en_US\" \/>\n<meta property=\"og:type\" content=\"article\" \/>\n<meta property=\"og:title\" content=\"PO1546 TAQUARI - Pedroso e Os\u00f3rio\" \/>\n<meta property=\"og:url\" content=\"https:\/\/pedrosoeosorio.pt\/en\/produto\/po1546-taquari\/\" \/>\n<meta property=\"og:site_name\" content=\"Pedroso e Os\u00f3rio\" \/>\n<meta property=\"article:modified_time\" content=\"2025-11-06T17:39:01+00:00\" \/>\n<meta property=\"og:image\" content=\"https:\/\/pedrosoeosorio.pt\/wp-content\/uploads\/2025\/11\/PO_1546-TAQUARI_D.webp\" \/>\n\t<meta property=\"og:image:width\" content=\"1181\" \/>\n\t<meta property=\"og:image:height\" content=\"1181\" \/>\n\t<meta property=\"og:image:type\" content=\"image\/webp\" \/>\n<meta name=\"twitter:card\" content=\"summary_large_image\" \/>\n<meta name=\"twitter:label1\" content=\"Est. reading time\" \/>\n\t<meta name=\"twitter:data1\" content=\"1 minute\" \/>\n<script type=\"application\/ld+json\" class=\"yoast-schema-graph\">{\"@context\":\"https:\/\/schema.org\",\"@graph\":[{\"@type\":\"WebPage\",\"@id\":\"https:\/\/pedrosoeosorio.pt\/en\/produto\/po1546-taquari\/\",\"url\":\"https:\/\/pedrosoeosorio.pt\/en\/produto\/po1546-taquari\/\",\"name\":\"PO1546 TAQUARI - Pedroso e Os\u00f3rio\",\"isPartOf\":{\"@id\":\"https:\/\/pedrosoeosorio.pt\/en\/#website\"},\"primaryImageOfPage\":{\"@id\":\"https:\/\/pedrosoeosorio.pt\/en\/produto\/po1546-taquari\/#primaryimage\"},\"image\":{\"@id\":\"https:\/\/pedrosoeosorio.pt\/en\/produto\/po1546-taquari\/#primaryimage\"},\"thumbnailUrl\":\"https:\/\/pedrosoeosorio.pt\/wp-content\/uploads\/2025\/11\/PO_1546-TAQUARI_D.webp\",\"datePublished\":\"2025-11-05T17:19:29+00:00\",\"dateModified\":\"2025-11-06T17:39:01+00:00\",\"breadcrumb\":{\"@id\":\"https:\/\/pedrosoeosorio.pt\/en\/produto\/po1546-taquari\/#breadcrumb\"},\"inLanguage\":\"en-US\",\"potentialAction\":[{\"@type\":\"ReadAction\",\"target\":[\"https:\/\/pedrosoeosorio.pt\/en\/produto\/po1546-taquari\/\"]}]},{\"@type\":\"ImageObject\",\"inLanguage\":\"en-US\",\"@id\":\"https:\/\/pedrosoeosorio.pt\/en\/produto\/po1546-taquari\/#primaryimage\",\"url\":\"https:\/\/pedrosoeosorio.pt\/wp-content\/uploads\/2025\/11\/PO_1546-TAQUARI_D.webp\",\"contentUrl\":\"https:\/\/pedrosoeosorio.pt\/wp-content\/uploads\/2025\/11\/PO_1546-TAQUARI_D.webp\",\"width\":1181,\"height\":1181},{\"@type\":\"BreadcrumbList\",\"@id\":\"https:\/\/pedrosoeosorio.pt\/en\/produto\/po1546-taquari\/#breadcrumb\",\"itemListElement\":[{\"@type\":\"ListItem\",\"position\":1,\"name\":\"In\u00edcio\",\"item\":\"https:\/\/pedrosoeosorio.pt\/en\/\"},{\"@type\":\"ListItem\",\"position\":2,\"name\":\"Collection\",\"item\":\"https:\/\/pedrosoeosorio.pt\/catalogo\/\"},{\"@type\":\"ListItem\",\"position\":3,\"name\":\"PO1546 TAQUARI\"}]},{\"@type\":\"WebSite\",\"@id\":\"https:\/\/pedrosoeosorio.pt\/en\/#website\",\"url\":\"https:\/\/pedrosoeosorio.pt\/en\/\",\"name\":\"Pedroso e Os\u00f3rio\",\"description\":\"Tecidos e Papel de Parede para decora\u00e7\u00e3o\",\"publisher\":{\"@id\":\"https:\/\/pedrosoeosorio.pt\/en\/#organization\"},\"potentialAction\":[{\"@type\":\"SearchAction\",\"target\":{\"@type\":\"EntryPoint\",\"urlTemplate\":\"https:\/\/pedrosoeosorio.pt\/en\/?s={search_term_string}\"},\"query-input\":{\"@type\":\"PropertyValueSpecification\",\"valueRequired\":true,\"valueName\":\"search_term_string\"}}],\"inLanguage\":\"en-US\"},{\"@type\":\"Organization\",\"@id\":\"https:\/\/pedrosoeosorio.pt\/en\/#organization\",\"name\":\"Pedroso e Os\u00f3rio\",\"url\":\"https:\/\/pedrosoeosorio.pt\/en\/\",\"logo\":{\"@type\":\"ImageObject\",\"inLanguage\":\"en-US\",\"@id\":\"https:\/\/pedrosoeosorio.pt\/en\/#\/schema\/logo\/image\/\",\"url\":\"https:\/\/pedrosoeosorio.pt\/wp-content\/uploads\/2024\/04\/PedrosoOsorio-Novo-Logo.svg\",\"contentUrl\":\"https:\/\/pedrosoeosorio.pt\/wp-content\/uploads\/2024\/04\/PedrosoOsorio-Novo-Logo.svg\",\"caption\":\"Pedroso e Os\u00f3rio\"},\"image\":{\"@id\":\"https:\/\/pedrosoeosorio.pt\/en\/#\/schema\/logo\/image\/\"}}]}<\/script>\n<!-- \/ Yoast SEO plugin. -->","yoast_head_json":{"title":"PO1546 TAQUARI - Pedroso e Os\u00f3rio","robots":{"index":"index","follow":"follow","max-snippet":"max-snippet:-1","max-image-preview":"max-image-preview:large","max-video-preview":"max-video-preview:-1"},"canonical":"https:\/\/pedrosoeosorio.pt\/en\/produto\/po1546-taquari\/","og_locale":"en_US","og_type":"article","og_title":"PO1546 TAQUARI - Pedroso e Os\u00f3rio","og_url":"https:\/\/pedrosoeosorio.pt\/en\/produto\/po1546-taquari\/","og_site_name":"Pedroso e Os\u00f3rio","article_modified_time":"2025-11-06T17:39:01+00:00","og_image":[{"width":1181,"height":1181,"url":"https:\/\/pedrosoeosorio.pt\/wp-content\/uploads\/2025\/11\/PO_1546-TAQUARI_D.webp","type":"image\/webp"}],"twitter_card":"summary_large_image","twitter_misc":{"Est. reading time":"1 minute"},"schema":{"@context":"https:\/\/schema.org","@graph":[{"@type":"WebPage","@id":"https:\/\/pedrosoeosorio.pt\/en\/produto\/po1546-taquari\/","url":"https:\/\/pedrosoeosorio.pt\/en\/produto\/po1546-taquari\/","name":"PO1546 TAQUARI - Pedroso e Os\u00f3rio","isPartOf":{"@id":"https:\/\/pedrosoeosorio.pt\/en\/#website"},"primaryImageOfPage":{"@id":"https:\/\/pedrosoeosorio.pt\/en\/produto\/po1546-taquari\/#primaryimage"},"image":{"@id":"https:\/\/pedrosoeosorio.pt\/en\/produto\/po1546-taquari\/#primaryimage"},"thumbnailUrl":"https:\/\/pedrosoeosorio.pt\/wp-content\/uploads\/2025\/11\/PO_1546-TAQUARI_D.webp","datePublished":"2025-11-05T17:19:29+00:00","dateModified":"2025-11-06T17:39:01+00:00","breadcrumb":{"@id":"https:\/\/pedrosoeosorio.pt\/en\/produto\/po1546-taquari\/#breadcrumb"},"inLanguage":"en-US","potentialAction":[{"@type":"ReadAction","target":["https:\/\/pedrosoeosorio.pt\/en\/produto\/po1546-taquari\/"]}]},{"@type":"ImageObject","inLanguage":"en-US","@id":"https:\/\/pedrosoeosorio.pt\/en\/produto\/po1546-taquari\/#primaryimage","url":"https:\/\/pedrosoeosorio.pt\/wp-content\/uploads\/2025\/11\/PO_1546-TAQUARI_D.webp","contentUrl":"https:\/\/pedrosoeosorio.pt\/wp-content\/uploads\/2025\/11\/PO_1546-TAQUARI_D.webp","width":1181,"height":1181},{"@type":"BreadcrumbList","@id":"https:\/\/pedrosoeosorio.pt\/en\/produto\/po1546-taquari\/#breadcrumb","itemListElement":[{"@type":"ListItem","position":1,"name":"In\u00edcio","item":"https:\/\/pedrosoeosorio.pt\/en\/"},{"@type":"ListItem","position":2,"name":"Collection","item":"https:\/\/pedrosoeosorio.pt\/catalogo\/"},{"@type":"ListItem","position":3,"name":"PO1546 TAQUARI"}]},{"@type":"WebSite","@id":"https:\/\/pedrosoeosorio.pt\/en\/#website","url":"https:\/\/pedrosoeosorio.pt\/en\/","name":"Pedroso e Os\u00f3rio","description":"Tecidos e Papel de Parede para decora\u00e7\u00e3o","publisher":{"@id":"https:\/\/pedrosoeosorio.pt\/en\/#organization"},"potentialAction":[{"@type":"SearchAction","target":{"@type":"EntryPoint","urlTemplate":"https:\/\/pedrosoeosorio.pt\/en\/?s={search_term_string}"},"query-input":{"@type":"PropertyValueSpecification","valueRequired":true,"valueName":"search_term_string"}}],"inLanguage":"en-US"},{"@type":"Organization","@id":"https:\/\/pedrosoeosorio.pt\/en\/#organization","name":"Pedroso e Os\u00f3rio","url":"https:\/\/pedrosoeosorio.pt\/en\/","logo":{"@type":"ImageObject","inLanguage":"en-US","@id":"https:\/\/pedrosoeosorio.pt\/en\/#\/schema\/logo\/image\/","url":"https:\/\/pedrosoeosorio.pt\/wp-content\/uploads\/2024\/04\/PedrosoOsorio-Novo-Logo.svg","contentUrl":"https:\/\/pedrosoeosorio.pt\/wp-content\/uploads\/2024\/04\/PedrosoOsorio-Novo-Logo.svg","caption":"Pedroso e Os\u00f3rio"},"image":{"@id":"https:\/\/pedrosoeosorio.pt\/en\/#\/schema\/logo\/image\/"}}]}},"_links":{"self":[{"href":"https:\/\/pedrosoeosorio.pt\/en\/wp-json\/wp\/v2\/product\/5859","targetHints":{"allow":["GET"]}}],"collection":[{"href":"https:\/\/pedrosoeosorio.pt\/en\/wp-json\/wp\/v2\/product"}],"about":[{"href":"https:\/\/pedrosoeosorio.pt\/en\/wp-json\/wp\/v2\/types\/product"}],"replies":[{"embeddable":true,"href":"https:\/\/pedrosoeosorio.pt\/en\/wp-json\/wp\/v2\/comments?post=5859"}],"wp:featuredmedia":[{"embeddable":true,"href":"https:\/\/pedrosoeosorio.pt\/en\/wp-json\/wp\/v2\/media\/5921"}],"wp:attachment":[{"href":"https:\/\/pedrosoeosorio.pt\/en\/wp-json\/wp\/v2\/media?parent=5859"}],"wp:term":[{"taxonomy":"product_brand","embeddable":true,"href":"https:\/\/pedrosoeosorio.pt\/en\/wp-json\/wp\/v2\/product_brand?post=5859"},{"taxonomy":"product_cat","embeddable":true,"href":"https:\/\/pedrosoeosorio.pt\/en\/wp-json\/wp\/v2\/product_cat?post=5859"},{"taxonomy":"product_tag","embeddable":true,"href":"https:\/\/pedrosoeosorio.pt\/en\/wp-json\/wp\/v2\/product_tag?post=5859"}],"curies":[{"name":"wp","href":"https:\/\/api.w.org\/{rel}","templated":true}]}}