{"id":4368,"date":"2024-05-02T15:59:44","date_gmt":"2024-05-02T15:59:44","guid":{"rendered":"https:\/\/pedrosoeosorio.pt\/produto\/po1514-violeta\/"},"modified":"2024-05-03T10:25:23","modified_gmt":"2024-05-03T10:25:23","slug":"po1514-violeta","status":"publish","type":"product","link":"https:\/\/pedrosoeosorio.pt\/en\/produto\/po1514-violeta\/","title":{"rendered":"PO1514 VIOLETA"},"content":{"rendered":"","protected":false},"excerpt":{"rendered":"","protected":false},"featured_media":4317,"comment_status":"open","ping_status":"closed","template":"","meta":[],"product_brand":[],"product_cat":[128],"product_tag":[],"class_list":{"0":"post-4368","1":"product","2":"type-product","3":"status-publish","4":"has-post-thumbnail","6":"product_cat-sem-categoria-en","8":"first","9":"instock","10":"shipping-taxable","11":"purchasable","12":"product-type-variable"},"yoast_head":"<!-- This site is optimized with the Yoast SEO plugin v26.3 - https:\/\/yoast.com\/wordpress\/plugins\/seo\/ -->\n<title>PO1514 VIOLETA - Pedroso e Os\u00f3rio<\/title>\n<meta name=\"robots\" content=\"index, follow, max-snippet:-1, max-image-preview:large, max-video-preview:-1\" \/>\n<link rel=\"canonical\" href=\"https:\/\/pedrosoeosorio.pt\/en\/produto\/po1514-violeta\/\" \/>\n<meta property=\"og:locale\" content=\"en_US\" \/>\n<meta property=\"og:type\" content=\"article\" \/>\n<meta property=\"og:title\" content=\"PO1514 VIOLETA - Pedroso e Os\u00f3rio\" \/>\n<meta property=\"og:url\" content=\"https:\/\/pedrosoeosorio.pt\/en\/produto\/po1514-violeta\/\" \/>\n<meta property=\"og:site_name\" content=\"Pedroso e Os\u00f3rio\" \/>\n<meta property=\"article:modified_time\" content=\"2024-05-03T10:25:23+00:00\" \/>\n<meta property=\"og:image\" content=\"https:\/\/pedrosoeosorio.pt\/wp-content\/uploads\/2024\/05\/PO1514_02.jpg\" \/>\n\t<meta property=\"og:image:width\" content=\"1181\" \/>\n\t<meta property=\"og:image:height\" content=\"1181\" \/>\n\t<meta property=\"og:image:type\" content=\"image\/jpeg\" \/>\n<meta name=\"twitter:card\" content=\"summary_large_image\" \/>\n<script type=\"application\/ld+json\" class=\"yoast-schema-graph\">{\"@context\":\"https:\/\/schema.org\",\"@graph\":[{\"@type\":\"WebPage\",\"@id\":\"https:\/\/pedrosoeosorio.pt\/en\/produto\/po1514-violeta\/\",\"url\":\"https:\/\/pedrosoeosorio.pt\/en\/produto\/po1514-violeta\/\",\"name\":\"PO1514 VIOLETA - Pedroso e Os\u00f3rio\",\"isPartOf\":{\"@id\":\"https:\/\/pedrosoeosorio.pt\/en\/#website\"},\"primaryImageOfPage\":{\"@id\":\"https:\/\/pedrosoeosorio.pt\/en\/produto\/po1514-violeta\/#primaryimage\"},\"image\":{\"@id\":\"https:\/\/pedrosoeosorio.pt\/en\/produto\/po1514-violeta\/#primaryimage\"},\"thumbnailUrl\":\"https:\/\/pedrosoeosorio.pt\/wp-content\/uploads\/2024\/05\/PO1514_02-e1715701057103.jpg\",\"datePublished\":\"2024-05-02T15:59:44+00:00\",\"dateModified\":\"2024-05-03T10:25:23+00:00\",\"breadcrumb\":{\"@id\":\"https:\/\/pedrosoeosorio.pt\/en\/produto\/po1514-violeta\/#breadcrumb\"},\"inLanguage\":\"en-US\",\"potentialAction\":[{\"@type\":\"ReadAction\",\"target\":[\"https:\/\/pedrosoeosorio.pt\/en\/produto\/po1514-violeta\/\"]}]},{\"@type\":\"ImageObject\",\"inLanguage\":\"en-US\",\"@id\":\"https:\/\/pedrosoeosorio.pt\/en\/produto\/po1514-violeta\/#primaryimage\",\"url\":\"https:\/\/pedrosoeosorio.pt\/wp-content\/uploads\/2024\/05\/PO1514_02-e1715701057103.jpg\",\"contentUrl\":\"https:\/\/pedrosoeosorio.pt\/wp-content\/uploads\/2024\/05\/PO1514_02-e1715701057103.jpg\",\"width\":1181,\"height\":1181},{\"@type\":\"BreadcrumbList\",\"@id\":\"https:\/\/pedrosoeosorio.pt\/en\/produto\/po1514-violeta\/#breadcrumb\",\"itemListElement\":[{\"@type\":\"ListItem\",\"position\":1,\"name\":\"In\u00edcio\",\"item\":\"https:\/\/pedrosoeosorio.pt\/en\/\"},{\"@type\":\"ListItem\",\"position\":2,\"name\":\"Collection\",\"item\":\"https:\/\/pedrosoeosorio.pt\/catalogo\/\"},{\"@type\":\"ListItem\",\"position\":3,\"name\":\"PO1514 VIOLETA\"}]},{\"@type\":\"WebSite\",\"@id\":\"https:\/\/pedrosoeosorio.pt\/en\/#website\",\"url\":\"https:\/\/pedrosoeosorio.pt\/en\/\",\"name\":\"Pedroso e Os\u00f3rio\",\"description\":\"Tecidos e Papel de Parede para decora\u00e7\u00e3o\",\"publisher\":{\"@id\":\"https:\/\/pedrosoeosorio.pt\/en\/#organization\"},\"potentialAction\":[{\"@type\":\"SearchAction\",\"target\":{\"@type\":\"EntryPoint\",\"urlTemplate\":\"https:\/\/pedrosoeosorio.pt\/en\/?s={search_term_string}\"},\"query-input\":{\"@type\":\"PropertyValueSpecification\",\"valueRequired\":true,\"valueName\":\"search_term_string\"}}],\"inLanguage\":\"en-US\"},{\"@type\":\"Organization\",\"@id\":\"https:\/\/pedrosoeosorio.pt\/en\/#organization\",\"name\":\"Pedroso e Os\u00f3rio\",\"url\":\"https:\/\/pedrosoeosorio.pt\/en\/\",\"logo\":{\"@type\":\"ImageObject\",\"inLanguage\":\"en-US\",\"@id\":\"https:\/\/pedrosoeosorio.pt\/en\/#\/schema\/logo\/image\/\",\"url\":\"https:\/\/pedrosoeosorio.pt\/wp-content\/uploads\/2024\/04\/PedrosoOsorio-Novo-Logo.svg\",\"contentUrl\":\"https:\/\/pedrosoeosorio.pt\/wp-content\/uploads\/2024\/04\/PedrosoOsorio-Novo-Logo.svg\",\"caption\":\"Pedroso e Os\u00f3rio\"},\"image\":{\"@id\":\"https:\/\/pedrosoeosorio.pt\/en\/#\/schema\/logo\/image\/\"}}]}<\/script>\n<!-- \/ Yoast SEO plugin. -->","yoast_head_json":{"title":"PO1514 VIOLETA - Pedroso e Os\u00f3rio","robots":{"index":"index","follow":"follow","max-snippet":"max-snippet:-1","max-image-preview":"max-image-preview:large","max-video-preview":"max-video-preview:-1"},"canonical":"https:\/\/pedrosoeosorio.pt\/en\/produto\/po1514-violeta\/","og_locale":"en_US","og_type":"article","og_title":"PO1514 VIOLETA - Pedroso e Os\u00f3rio","og_url":"https:\/\/pedrosoeosorio.pt\/en\/produto\/po1514-violeta\/","og_site_name":"Pedroso e Os\u00f3rio","article_modified_time":"2024-05-03T10:25:23+00:00","og_image":[{"width":1181,"height":1181,"url":"https:\/\/pedrosoeosorio.pt\/wp-content\/uploads\/2024\/05\/PO1514_02.jpg","type":"image\/jpeg"}],"twitter_card":"summary_large_image","schema":{"@context":"https:\/\/schema.org","@graph":[{"@type":"WebPage","@id":"https:\/\/pedrosoeosorio.pt\/en\/produto\/po1514-violeta\/","url":"https:\/\/pedrosoeosorio.pt\/en\/produto\/po1514-violeta\/","name":"PO1514 VIOLETA - Pedroso e Os\u00f3rio","isPartOf":{"@id":"https:\/\/pedrosoeosorio.pt\/en\/#website"},"primaryImageOfPage":{"@id":"https:\/\/pedrosoeosorio.pt\/en\/produto\/po1514-violeta\/#primaryimage"},"image":{"@id":"https:\/\/pedrosoeosorio.pt\/en\/produto\/po1514-violeta\/#primaryimage"},"thumbnailUrl":"https:\/\/pedrosoeosorio.pt\/wp-content\/uploads\/2024\/05\/PO1514_02-e1715701057103.jpg","datePublished":"2024-05-02T15:59:44+00:00","dateModified":"2024-05-03T10:25:23+00:00","breadcrumb":{"@id":"https:\/\/pedrosoeosorio.pt\/en\/produto\/po1514-violeta\/#breadcrumb"},"inLanguage":"en-US","potentialAction":[{"@type":"ReadAction","target":["https:\/\/pedrosoeosorio.pt\/en\/produto\/po1514-violeta\/"]}]},{"@type":"ImageObject","inLanguage":"en-US","@id":"https:\/\/pedrosoeosorio.pt\/en\/produto\/po1514-violeta\/#primaryimage","url":"https:\/\/pedrosoeosorio.pt\/wp-content\/uploads\/2024\/05\/PO1514_02-e1715701057103.jpg","contentUrl":"https:\/\/pedrosoeosorio.pt\/wp-content\/uploads\/2024\/05\/PO1514_02-e1715701057103.jpg","width":1181,"height":1181},{"@type":"BreadcrumbList","@id":"https:\/\/pedrosoeosorio.pt\/en\/produto\/po1514-violeta\/#breadcrumb","itemListElement":[{"@type":"ListItem","position":1,"name":"In\u00edcio","item":"https:\/\/pedrosoeosorio.pt\/en\/"},{"@type":"ListItem","position":2,"name":"Collection","item":"https:\/\/pedrosoeosorio.pt\/catalogo\/"},{"@type":"ListItem","position":3,"name":"PO1514 VIOLETA"}]},{"@type":"WebSite","@id":"https:\/\/pedrosoeosorio.pt\/en\/#website","url":"https:\/\/pedrosoeosorio.pt\/en\/","name":"Pedroso e Os\u00f3rio","description":"Tecidos e Papel de Parede para decora\u00e7\u00e3o","publisher":{"@id":"https:\/\/pedrosoeosorio.pt\/en\/#organization"},"potentialAction":[{"@type":"SearchAction","target":{"@type":"EntryPoint","urlTemplate":"https:\/\/pedrosoeosorio.pt\/en\/?s={search_term_string}"},"query-input":{"@type":"PropertyValueSpecification","valueRequired":true,"valueName":"search_term_string"}}],"inLanguage":"en-US"},{"@type":"Organization","@id":"https:\/\/pedrosoeosorio.pt\/en\/#organization","name":"Pedroso e Os\u00f3rio","url":"https:\/\/pedrosoeosorio.pt\/en\/","logo":{"@type":"ImageObject","inLanguage":"en-US","@id":"https:\/\/pedrosoeosorio.pt\/en\/#\/schema\/logo\/image\/","url":"https:\/\/pedrosoeosorio.pt\/wp-content\/uploads\/2024\/04\/PedrosoOsorio-Novo-Logo.svg","contentUrl":"https:\/\/pedrosoeosorio.pt\/wp-content\/uploads\/2024\/04\/PedrosoOsorio-Novo-Logo.svg","caption":"Pedroso e Os\u00f3rio"},"image":{"@id":"https:\/\/pedrosoeosorio.pt\/en\/#\/schema\/logo\/image\/"}}]}},"_links":{"self":[{"href":"https:\/\/pedrosoeosorio.pt\/en\/wp-json\/wp\/v2\/product\/4368","targetHints":{"allow":["GET"]}}],"collection":[{"href":"https:\/\/pedrosoeosorio.pt\/en\/wp-json\/wp\/v2\/product"}],"about":[{"href":"https:\/\/pedrosoeosorio.pt\/en\/wp-json\/wp\/v2\/types\/product"}],"replies":[{"embeddable":true,"href":"https:\/\/pedrosoeosorio.pt\/en\/wp-json\/wp\/v2\/comments?post=4368"}],"wp:featuredmedia":[{"embeddable":true,"href":"https:\/\/pedrosoeosorio.pt\/en\/wp-json\/wp\/v2\/media\/4317"}],"wp:attachment":[{"href":"https:\/\/pedrosoeosorio.pt\/en\/wp-json\/wp\/v2\/media?parent=4368"}],"wp:term":[{"taxonomy":"product_brand","embeddable":true,"href":"https:\/\/pedrosoeosorio.pt\/en\/wp-json\/wp\/v2\/product_brand?post=4368"},{"taxonomy":"product_cat","embeddable":true,"href":"https:\/\/pedrosoeosorio.pt\/en\/wp-json\/wp\/v2\/product_cat?post=4368"},{"taxonomy":"product_tag","embeddable":true,"href":"https:\/\/pedrosoeosorio.pt\/en\/wp-json\/wp\/v2\/product_tag?post=4368"}],"curies":[{"name":"wp","href":"https:\/\/api.w.org\/{rel}","templated":true}]}}